{"id":510,"date":"2024-08-03T18:31:19","date_gmt":"2024-08-03T18:31:19","guid":{"rendered":"https:\/\/otlas.com.br\/?post_type=product&#038;p=510"},"modified":"2024-08-03T18:31:19","modified_gmt":"2024-08-03T18:31:19","slug":"oleo-desengripante-lubrificante-spray-chemicolor-300ml-140g","status":"publish","type":"product","link":"https:\/\/otlas.com.br\/index.php\/produto\/oleo-desengripante-lubrificante-spray-chemicolor-300ml-140g\/","title":{"rendered":"\u00d3leo Desengripante Lubrificante Spray Chemicolor 300ml 140g"},"content":{"rendered":"<p>O desengripante ChemiLub \u00e9 uma mistura de \u00f3leos com aditivos especiais que proporcionam alta performance de penetra\u00e7\u00e3o. Desenvolvido para facilitar na hora de desemperrar porcas, parafusos e tamb\u00e9m pe\u00e7as que estejam oxidadas, enferrujadas e sujas. Cont\u00e9m um excelente poder lubrificante, protetivo e anti umidade. Pode ser aplicado em m\u00faltiplas formas: ind\u00fastrias, carros, motos, bicicletas, em casa, equipamentos esportivos e mecanismos em geral. Lubrifica enquanto protege contra a ferrugem e umidade.<\/p>\n","protected":false},"excerpt":{"rendered":"<p>O desengripante ChemiLub \u00e9 uma mistura de \u00f3leos com aditivos especiais que proporcionam alta performance de penetra\u00e7\u00e3o. Desenvolvido para facilitar na hora de desemperrar porcas, parafusos e tamb\u00e9m pe\u00e7as que estejam oxidadas, enferrujadas e sujas. Cont\u00e9m um excelente poder lubrificante, protetivo e anti umidade. Pode ser aplicado em m\u00faltiplas formas: ind\u00fastrias, carros, motos, bicicletas, em [&hellip;]<\/p>\n","protected":false},"featured_media":511,"template":"","meta":[],"product_brand":[],"product_cat":[24,20],"product_tag":[],"class_list":{"0":"post-510","1":"product","2":"type-product","3":"status-publish","4":"has-post-thumbnail","6":"product_cat-equipamentos","7":"product_cat-linha-automotiva","9":"first","10":"instock","11":"shipping-taxable","12":"product-type-simple"},"_links":{"self":[{"href":"https:\/\/otlas.com.br\/index.php\/wp-json\/wp\/v2\/product\/510","targetHints":{"allow":["GET"]}}],"collection":[{"href":"https:\/\/otlas.com.br\/index.php\/wp-json\/wp\/v2\/product"}],"about":[{"href":"https:\/\/otlas.com.br\/index.php\/wp-json\/wp\/v2\/types\/product"}],"wp:featuredmedia":[{"embeddable":true,"href":"https:\/\/otlas.com.br\/index.php\/wp-json\/wp\/v2\/media\/511"}],"wp:attachment":[{"href":"https:\/\/otlas.com.br\/index.php\/wp-json\/wp\/v2\/media?parent=510"}],"wp:term":[{"taxonomy":"product_brand","embeddable":true,"href":"https:\/\/otlas.com.br\/index.php\/wp-json\/wp\/v2\/product_brand?post=510"},{"taxonomy":"product_cat","embeddable":true,"href":"https:\/\/otlas.com.br\/index.php\/wp-json\/wp\/v2\/product_cat?post=510"},{"taxonomy":"product_tag","embeddable":true,"href":"https:\/\/otlas.com.br\/index.php\/wp-json\/wp\/v2\/product_tag?post=510"}],"curies":[{"name":"wp","href":"https:\/\/api.w.org\/{rel}","templated":true}]}}