{"id":512,"date":"2024-08-03T18:33:34","date_gmt":"2024-08-03T18:33:34","guid":{"rendered":"https:\/\/otlas.com.br\/?post_type=product&#038;p=512"},"modified":"2024-08-03T18:33:35","modified_gmt":"2024-08-03T18:33:35","slug":"luva-plastica-descartavel-100un-nobre","status":"publish","type":"product","link":"https:\/\/otlas.com.br\/index.php\/produto\/luva-plastica-descartavel-100un-nobre\/","title":{"rendered":"LUVA PL\u00c1STICA DESCART\u00c1VEL 100UN &#8211; NOBRE"},"content":{"rendered":"<p>Luvas de pl\u00e1stico transparente, ambidestra, com \u00f3tima sensibilidade. \u00c9 recomendada para manipula\u00e7\u00e3o de alimentos em geral, limpeza dom\u00e9stica, tinturas capitares entre outros.<\/p>\n","protected":false},"excerpt":{"rendered":"<p>Luvas de pl\u00e1stico transparente, ambidestra, com \u00f3tima sensibilidade. \u00c9 recomendada para manipula\u00e7\u00e3o de alimentos em geral, limpeza dom\u00e9stica, tinturas capitares entre outros.<\/p>\n","protected":false},"featured_media":513,"template":"","meta":[],"product_brand":[],"product_cat":[27,23,21,22],"product_tag":[],"class_list":{"0":"post-512","1":"product","2":"type-product","3":"status-publish","4":"has-post-thumbnail","6":"product_cat-alimenticio","7":"product_cat-descartavel","8":"product_cat-epi","9":"product_cat-material-de-limpeza","11":"first","12":"instock","13":"shipping-taxable","14":"product-type-simple"},"_links":{"self":[{"href":"https:\/\/otlas.com.br\/index.php\/wp-json\/wp\/v2\/product\/512","targetHints":{"allow":["GET"]}}],"collection":[{"href":"https:\/\/otlas.com.br\/index.php\/wp-json\/wp\/v2\/product"}],"about":[{"href":"https:\/\/otlas.com.br\/index.php\/wp-json\/wp\/v2\/types\/product"}],"wp:featuredmedia":[{"embeddable":true,"href":"https:\/\/otlas.com.br\/index.php\/wp-json\/wp\/v2\/media\/513"}],"wp:attachment":[{"href":"https:\/\/otlas.com.br\/index.php\/wp-json\/wp\/v2\/media?parent=512"}],"wp:term":[{"taxonomy":"product_brand","embeddable":true,"href":"https:\/\/otlas.com.br\/index.php\/wp-json\/wp\/v2\/product_brand?post=512"},{"taxonomy":"product_cat","embeddable":true,"href":"https:\/\/otlas.com.br\/index.php\/wp-json\/wp\/v2\/product_cat?post=512"},{"taxonomy":"product_tag","embeddable":true,"href":"https:\/\/otlas.com.br\/index.php\/wp-json\/wp\/v2\/product_tag?post=512"}],"curies":[{"name":"wp","href":"https:\/\/api.w.org\/{rel}","templated":true}]}}