{"id":516,"date":"2024-08-03T18:37:13","date_gmt":"2024-08-03T18:37:13","guid":{"rendered":"https:\/\/otlas.com.br\/?post_type=product&#038;p=516"},"modified":"2024-08-03T18:37:13","modified_gmt":"2024-08-03T18:37:13","slug":"saponaceo-cremoso-facilita","status":"publish","type":"product","link":"https:\/\/otlas.com.br\/index.php\/produto\/saponaceo-cremoso-facilita\/","title":{"rendered":"Sapon\u00e1ceo Cremoso Facilita"},"content":{"rendered":"<p>Indicado para a limpeza de superf\u00edcies esmaltadas, cromadas, a\u00e7o inox, porcelanas, lou\u00e7as, azulejos, banheiros, cozinhas, f\u00f3rmicas, panelas e superf\u00edcies que exigem abrasividade.<\/p>\n","protected":false},"excerpt":{"rendered":"<p>Indicado para a limpeza de superf\u00edcies esmaltadas, cromadas, a\u00e7o inox, porcelanas, lou\u00e7as, azulejos, banheiros, cozinhas, f\u00f3rmicas, panelas e superf\u00edcies que exigem abrasividade.<\/p>\n","protected":false},"featured_media":517,"template":"","meta":[],"product_brand":[],"product_cat":[22],"product_tag":[],"class_list":{"0":"post-516","1":"product","2":"type-product","3":"status-publish","4":"has-post-thumbnail","6":"product_cat-material-de-limpeza","8":"first","9":"instock","10":"shipping-taxable","11":"product-type-simple"},"_links":{"self":[{"href":"https:\/\/otlas.com.br\/index.php\/wp-json\/wp\/v2\/product\/516","targetHints":{"allow":["GET"]}}],"collection":[{"href":"https:\/\/otlas.com.br\/index.php\/wp-json\/wp\/v2\/product"}],"about":[{"href":"https:\/\/otlas.com.br\/index.php\/wp-json\/wp\/v2\/types\/product"}],"wp:featuredmedia":[{"embeddable":true,"href":"https:\/\/otlas.com.br\/index.php\/wp-json\/wp\/v2\/media\/517"}],"wp:attachment":[{"href":"https:\/\/otlas.com.br\/index.php\/wp-json\/wp\/v2\/media?parent=516"}],"wp:term":[{"taxonomy":"product_brand","embeddable":true,"href":"https:\/\/otlas.com.br\/index.php\/wp-json\/wp\/v2\/product_brand?post=516"},{"taxonomy":"product_cat","embeddable":true,"href":"https:\/\/otlas.com.br\/index.php\/wp-json\/wp\/v2\/product_cat?post=516"},{"taxonomy":"product_tag","embeddable":true,"href":"https:\/\/otlas.com.br\/index.php\/wp-json\/wp\/v2\/product_tag?post=516"}],"curies":[{"name":"wp","href":"https:\/\/api.w.org\/{rel}","templated":true}]}}