{"id":518,"date":"2024-08-03T18:39:08","date_gmt":"2024-08-03T18:39:08","guid":{"rendered":"https:\/\/otlas.com.br\/?post_type=product&#038;p=518"},"modified":"2024-08-03T18:39:08","modified_gmt":"2024-08-03T18:39:08","slug":"refil-de-fio-dental-200m","status":"publish","type":"product","link":"https:\/\/otlas.com.br\/index.php\/produto\/refil-de-fio-dental-200m\/","title":{"rendered":"Refil de Fio Dental &#8211; 200m"},"content":{"rendered":"<p>O Refil de Fio Dental Antiss\u00e9ptico \u00e9 ideal para eliminar part\u00edculas de comida entre os dentes, pois a sua espessura \u00e9 fina e delicada fazendo com que atinja essas regi\u00f5es com mais facilidade. Com o seu uso \u00e9 poss\u00edvel a elimina\u00e7\u00e3o da placa bacteriana e previne a forma\u00e7\u00e3o de t\u00e1rtaro dent\u00e1rio.<\/p>\n<ul>\n<li>Elimina a placa bacteriana;<\/li>\n<li>Elimina o excesso de part\u00edculas de comida entre os dentes;<\/li>\n<li>Encerado e com aroma de menta;<\/li>\n<li>Previne a forma\u00e7\u00e3o de t\u00e1rtaro dent\u00e1rio;<\/li>\n<li>Desliza mais facilmente entre os dentes;<\/li>\n<li>200 metros de Fio Dental;<\/li>\n<\/ul>\n","protected":false},"excerpt":{"rendered":"<p>O Refil de Fio Dental Antiss\u00e9ptico \u00e9 ideal para eliminar part\u00edculas de comida entre os dentes, pois a sua espessura \u00e9 fina e delicada fazendo com que atinja essas regi\u00f5es com mais facilidade. Com o seu uso \u00e9 poss\u00edvel a elimina\u00e7\u00e3o da placa bacteriana e previne a forma\u00e7\u00e3o de t\u00e1rtaro dent\u00e1rio. Elimina a placa bacteriana; [&hellip;]<\/p>\n","protected":false},"featured_media":519,"template":"","meta":[],"product_brand":[],"product_cat":[23,25],"product_tag":[],"class_list":{"0":"post-518","1":"product","2":"type-product","3":"status-publish","4":"has-post-thumbnail","6":"product_cat-descartavel","7":"product_cat-higiene-pessoal","9":"first","10":"instock","11":"shipping-taxable","12":"product-type-simple"},"_links":{"self":[{"href":"https:\/\/otlas.com.br\/index.php\/wp-json\/wp\/v2\/product\/518","targetHints":{"allow":["GET"]}}],"collection":[{"href":"https:\/\/otlas.com.br\/index.php\/wp-json\/wp\/v2\/product"}],"about":[{"href":"https:\/\/otlas.com.br\/index.php\/wp-json\/wp\/v2\/types\/product"}],"wp:featuredmedia":[{"embeddable":true,"href":"https:\/\/otlas.com.br\/index.php\/wp-json\/wp\/v2\/media\/519"}],"wp:attachment":[{"href":"https:\/\/otlas.com.br\/index.php\/wp-json\/wp\/v2\/media?parent=518"}],"wp:term":[{"taxonomy":"product_brand","embeddable":true,"href":"https:\/\/otlas.com.br\/index.php\/wp-json\/wp\/v2\/product_brand?post=518"},{"taxonomy":"product_cat","embeddable":true,"href":"https:\/\/otlas.com.br\/index.php\/wp-json\/wp\/v2\/product_cat?post=518"},{"taxonomy":"product_tag","embeddable":true,"href":"https:\/\/otlas.com.br\/index.php\/wp-json\/wp\/v2\/product_tag?post=518"}],"curies":[{"name":"wp","href":"https:\/\/api.w.org\/{rel}","templated":true}]}}