{"id":520,"date":"2024-08-03T18:41:39","date_gmt":"2024-08-03T18:41:39","guid":{"rendered":"https:\/\/otlas.com.br\/?post_type=product&#038;p=520"},"modified":"2024-08-03T18:41:40","modified_gmt":"2024-08-03T18:41:40","slug":"dispenser-premium-3-em-1-halito-puro","status":"publish","type":"product","link":"https:\/\/otlas.com.br\/index.php\/produto\/dispenser-premium-3-em-1-halito-puro\/","title":{"rendered":"Dispenser Premium 3 em 1 &#8211; H\u00e1lito Puro"},"content":{"rendered":"<p>O\u00a0<strong>Sistema Premium<\/strong>\u00a0possui um sistema inteligente de dosagem de at\u00e9 6 tamanhos, \u00e9 poss\u00edvel fazer a regulagem da quantidade que ser\u00e1 distribu\u00edda, possui sistema de interrup\u00e7\u00e3o caso o copo seja retirado.\u00a0Funciona com 4 pilhas AA que tem durabilidade de 6 a 12 meses um \u00fanico jogo de pilhas.<\/p>\n","protected":false},"excerpt":{"rendered":"<p>O\u00a0Sistema Premium\u00a0possui um sistema inteligente de dosagem de at\u00e9 6 tamanhos, \u00e9 poss\u00edvel fazer a regulagem da quantidade que ser\u00e1 distribu\u00edda, possui sistema de interrup\u00e7\u00e3o caso o copo seja retirado.\u00a0Funciona com 4 pilhas AA que tem durabilidade de 6 a 12 meses um \u00fanico jogo de pilhas.<\/p>\n","protected":false},"featured_media":521,"template":"","meta":[],"product_brand":[],"product_cat":[25,29],"product_tag":[],"class_list":{"0":"post-520","1":"product","2":"type-product","3":"status-publish","4":"has-post-thumbnail","6":"product_cat-higiene-pessoal","7":"product_cat-suportes","9":"first","10":"instock","11":"shipping-taxable","12":"product-type-simple"},"_links":{"self":[{"href":"https:\/\/otlas.com.br\/index.php\/wp-json\/wp\/v2\/product\/520","targetHints":{"allow":["GET"]}}],"collection":[{"href":"https:\/\/otlas.com.br\/index.php\/wp-json\/wp\/v2\/product"}],"about":[{"href":"https:\/\/otlas.com.br\/index.php\/wp-json\/wp\/v2\/types\/product"}],"wp:featuredmedia":[{"embeddable":true,"href":"https:\/\/otlas.com.br\/index.php\/wp-json\/wp\/v2\/media\/521"}],"wp:attachment":[{"href":"https:\/\/otlas.com.br\/index.php\/wp-json\/wp\/v2\/media?parent=520"}],"wp:term":[{"taxonomy":"product_brand","embeddable":true,"href":"https:\/\/otlas.com.br\/index.php\/wp-json\/wp\/v2\/product_brand?post=520"},{"taxonomy":"product_cat","embeddable":true,"href":"https:\/\/otlas.com.br\/index.php\/wp-json\/wp\/v2\/product_cat?post=520"},{"taxonomy":"product_tag","embeddable":true,"href":"https:\/\/otlas.com.br\/index.php\/wp-json\/wp\/v2\/product_tag?post=520"}],"curies":[{"name":"wp","href":"https:\/\/api.w.org\/{rel}","templated":true}]}}