{"id":522,"date":"2024-08-03T18:44:32","date_gmt":"2024-08-03T18:44:32","guid":{"rendered":"https:\/\/otlas.com.br\/?post_type=product&#038;p=522"},"modified":"2024-08-03T18:44:32","modified_gmt":"2024-08-03T18:44:32","slug":"garfo-refeicao-c-50un","status":"publish","type":"product","link":"https:\/\/otlas.com.br\/index.php\/produto\/garfo-refeicao-c-50un\/","title":{"rendered":"Garfo Refei\u00e7\u00e3o C\/50un"},"content":{"rendered":"<p>Os Garfos Pl\u00e1sticos S\u00e3o Reconhecidos Pela Alta Qualidade sendo Descart\u00e1veis Permitem Que Voc\u00ea Aproveite o Melhor De Suas Refei\u00e7\u00f5es De Uma Forma Pr\u00e1tica, Vers\u00e1til e Higi\u00eanica.<\/p>\n","protected":false},"excerpt":{"rendered":"<p>Os Garfos Pl\u00e1sticos S\u00e3o Reconhecidos Pela Alta Qualidade sendo Descart\u00e1veis Permitem Que Voc\u00ea Aproveite o Melhor De Suas Refei\u00e7\u00f5es De Uma Forma Pr\u00e1tica, Vers\u00e1til e Higi\u00eanica.<\/p>\n","protected":false},"featured_media":523,"template":"","meta":[],"product_brand":[],"product_cat":[27,23],"product_tag":[],"class_list":{"0":"post-522","1":"product","2":"type-product","3":"status-publish","4":"has-post-thumbnail","6":"product_cat-alimenticio","7":"product_cat-descartavel","9":"first","10":"instock","11":"shipping-taxable","12":"product-type-simple"},"_links":{"self":[{"href":"https:\/\/otlas.com.br\/index.php\/wp-json\/wp\/v2\/product\/522","targetHints":{"allow":["GET"]}}],"collection":[{"href":"https:\/\/otlas.com.br\/index.php\/wp-json\/wp\/v2\/product"}],"about":[{"href":"https:\/\/otlas.com.br\/index.php\/wp-json\/wp\/v2\/types\/product"}],"wp:featuredmedia":[{"embeddable":true,"href":"https:\/\/otlas.com.br\/index.php\/wp-json\/wp\/v2\/media\/523"}],"wp:attachment":[{"href":"https:\/\/otlas.com.br\/index.php\/wp-json\/wp\/v2\/media?parent=522"}],"wp:term":[{"taxonomy":"product_brand","embeddable":true,"href":"https:\/\/otlas.com.br\/index.php\/wp-json\/wp\/v2\/product_brand?post=522"},{"taxonomy":"product_cat","embeddable":true,"href":"https:\/\/otlas.com.br\/index.php\/wp-json\/wp\/v2\/product_cat?post=522"},{"taxonomy":"product_tag","embeddable":true,"href":"https:\/\/otlas.com.br\/index.php\/wp-json\/wp\/v2\/product_tag?post=522"}],"curies":[{"name":"wp","href":"https:\/\/api.w.org\/{rel}","templated":true}]}}