{"id":526,"date":"2024-08-03T18:48:47","date_gmt":"2024-08-03T18:48:47","guid":{"rendered":"https:\/\/otlas.com.br\/?post_type=product&#038;p=526"},"modified":"2024-08-03T18:55:12","modified_gmt":"2024-08-03T18:55:12","slug":"prope-descartavel-em-tnt","status":"publish","type":"product","link":"https:\/\/otlas.com.br\/index.php\/produto\/prope-descartavel-em-tnt\/","title":{"rendered":"Prop\u00e9 Descart\u00e1vel Em Tnt"},"content":{"rendered":"<p>O prop\u00e9 sapatilha \u00e9 uma vestimenta de prote\u00e7\u00e3o descart\u00e1vel, caracteriza-se com um produto at\u00f3xico, hipoalerg\u00eanico e de tamanho \u00fanico, al\u00e9m disso conta com composi\u00e7\u00e3o n\u00e3o est\u00e9ril, n\u00e3o inflam\u00e1vel e isenta de fibra de vidro, constitu\u00edda de TNT de cor branca com el\u00e1stico em sua volta inteira.<\/p>\n<p>O prop\u00e9 sapatilha \u00e9 indicada para cobertura de cal\u00e7ados de forma a promover a prote\u00e7\u00e3o de ambientes restritos ou especiais, evitando a contamina\u00e7\u00e3o desses espa\u00e7os pelo desprendimento de part\u00edculas ou por subst\u00e2ncias impregnadas nos cal\u00e7ados e pode ser utilizado em:<\/p>\n<p><strong>Sa\u00fade<\/strong>: hospitais, laborat\u00f3rios, cl\u00ednicas, consult\u00f3rios m\u00e9dicos e odontol\u00f3gicos;<\/p>\n<p><strong>Est\u00e9tica<\/strong>: instituto de beleza, cl\u00ednicas de est\u00e9ticas e dermatol\u00f3gicas;<\/p>\n<p><strong>Industrial<\/strong>: qu\u00edmica, cosm\u00e9tica, aliment\u00edcia e farmac\u00eautica.<\/p>\n","protected":false},"excerpt":{"rendered":"<p>O prop\u00e9 sapatilha \u00e9 uma vestimenta de prote\u00e7\u00e3o descart\u00e1vel, caracteriza-se com um produto at\u00f3xico, hipoalerg\u00eanico e de tamanho \u00fanico, al\u00e9m disso conta com composi\u00e7\u00e3o n\u00e3o est\u00e9ril, n\u00e3o inflam\u00e1vel e isenta de fibra de vidro, constitu\u00edda de TNT de cor branca com el\u00e1stico em sua volta inteira. O prop\u00e9 sapatilha \u00e9 indicada para cobertura de cal\u00e7ados [&hellip;]<\/p>\n","protected":false},"featured_media":527,"template":"","meta":[],"product_brand":[],"product_cat":[23,21,30],"product_tag":[],"class_list":{"0":"post-526","1":"product","2":"type-product","3":"status-publish","4":"has-post-thumbnail","6":"product_cat-descartavel","7":"product_cat-epi","8":"product_cat-sem-categoria","10":"first","11":"instock","12":"shipping-taxable","13":"product-type-simple"},"_links":{"self":[{"href":"https:\/\/otlas.com.br\/index.php\/wp-json\/wp\/v2\/product\/526","targetHints":{"allow":["GET"]}}],"collection":[{"href":"https:\/\/otlas.com.br\/index.php\/wp-json\/wp\/v2\/product"}],"about":[{"href":"https:\/\/otlas.com.br\/index.php\/wp-json\/wp\/v2\/types\/product"}],"wp:featuredmedia":[{"embeddable":true,"href":"https:\/\/otlas.com.br\/index.php\/wp-json\/wp\/v2\/media\/527"}],"wp:attachment":[{"href":"https:\/\/otlas.com.br\/index.php\/wp-json\/wp\/v2\/media?parent=526"}],"wp:term":[{"taxonomy":"product_brand","embeddable":true,"href":"https:\/\/otlas.com.br\/index.php\/wp-json\/wp\/v2\/product_brand?post=526"},{"taxonomy":"product_cat","embeddable":true,"href":"https:\/\/otlas.com.br\/index.php\/wp-json\/wp\/v2\/product_cat?post=526"},{"taxonomy":"product_tag","embeddable":true,"href":"https:\/\/otlas.com.br\/index.php\/wp-json\/wp\/v2\/product_tag?post=526"}],"curies":[{"name":"wp","href":"https:\/\/api.w.org\/{rel}","templated":true}]}}