{"id":529,"date":"2024-08-03T18:51:59","date_gmt":"2024-08-03T18:51:59","guid":{"rendered":"https:\/\/otlas.com.br\/?post_type=product&#038;p=529"},"modified":"2024-08-03T18:51:59","modified_gmt":"2024-08-03T18:51:59","slug":"tela-odorizante-para-mictorio","status":"publish","type":"product","link":"https:\/\/otlas.com.br\/index.php\/produto\/tela-odorizante-para-mictorio\/","title":{"rendered":"Tela Odorizante Para Mict\u00f3rio"},"content":{"rendered":"<p>A tela Neutraliza os odores da urina em banheiros masculinos, proporcionando um ambiente mais limpo e cheiroso.<\/p>\n<p>Pr\u00f3prio para mict\u00f3rios de baixo a grande fluxo de pessoas. Por exemplo: restaurantes, shoppings, hospitais, cl\u00ednicas, dentre outros.<\/p>\n<p>Proporciona muitos benef\u00edcios devido ao seu formato de f\u00e1cil encaixe e tamb\u00e9m remo\u00e7\u00e3o da base do mict\u00f3rio. Al\u00e9m disso, ela permite que a \u00e1gua passe livremente, ao mesmo tempo em que evita a passagem de detritos que possam causar entupimentos.<\/p>\n<p>Seu aroma, camufla o cheiro da urina, proporcionando assim, aos banheiros masculinos, uma maior sensa\u00e7\u00e3o de higiene e limpeza.<\/p>\n","protected":false},"excerpt":{"rendered":"<p>A tela Neutraliza os odores da urina em banheiros masculinos, proporcionando um ambiente mais limpo e cheiroso. Pr\u00f3prio para mict\u00f3rios de baixo a grande fluxo de pessoas. Por exemplo: restaurantes, shoppings, hospitais, cl\u00ednicas, dentre outros. Proporciona muitos benef\u00edcios devido ao seu formato de f\u00e1cil encaixe e tamb\u00e9m remo\u00e7\u00e3o da base do mict\u00f3rio. Al\u00e9m disso, ela [&hellip;]<\/p>\n","protected":false},"featured_media":530,"template":"","meta":[],"product_brand":[],"product_cat":[22],"product_tag":[],"class_list":{"0":"post-529","1":"product","2":"type-product","3":"status-publish","4":"has-post-thumbnail","6":"product_cat-material-de-limpeza","8":"first","9":"instock","10":"shipping-taxable","11":"product-type-simple"},"_links":{"self":[{"href":"https:\/\/otlas.com.br\/index.php\/wp-json\/wp\/v2\/product\/529","targetHints":{"allow":["GET"]}}],"collection":[{"href":"https:\/\/otlas.com.br\/index.php\/wp-json\/wp\/v2\/product"}],"about":[{"href":"https:\/\/otlas.com.br\/index.php\/wp-json\/wp\/v2\/types\/product"}],"wp:featuredmedia":[{"embeddable":true,"href":"https:\/\/otlas.com.br\/index.php\/wp-json\/wp\/v2\/media\/530"}],"wp:attachment":[{"href":"https:\/\/otlas.com.br\/index.php\/wp-json\/wp\/v2\/media?parent=529"}],"wp:term":[{"taxonomy":"product_brand","embeddable":true,"href":"https:\/\/otlas.com.br\/index.php\/wp-json\/wp\/v2\/product_brand?post=529"},{"taxonomy":"product_cat","embeddable":true,"href":"https:\/\/otlas.com.br\/index.php\/wp-json\/wp\/v2\/product_cat?post=529"},{"taxonomy":"product_tag","embeddable":true,"href":"https:\/\/otlas.com.br\/index.php\/wp-json\/wp\/v2\/product_tag?post=529"}],"curies":[{"name":"wp","href":"https:\/\/api.w.org\/{rel}","templated":true}]}}